{"id":9,"date":"2022-05-11T12:37:36","date_gmt":"2022-05-11T12:37:36","guid":{"rendered":"https:\/\/mwm.us.edu.pl\/?page_id=9"},"modified":"2024-04-18T13:38:05","modified_gmt":"2024-04-18T13:38:05","slug":"o-projekcie","status":"publish","type":"page","link":"https:\/\/mwm.us.edu.pl\/","title":{"rendered":"O projekcie"},"content":{"rendered":"\n<figure class=\"wp-block-image size-large\"><img loading=\"lazy\" decoding=\"async\" width=\"1024\" height=\"541\" src=\"https:\/\/mwm.us.edu.pl\/wp-content\/uploads\/2024\/04\/MWM_all-1024x541.jpg\" alt=\"Zdj\u0119cie uczestnik\u00f3w\" class=\"wp-image-1899\" srcset=\"https:\/\/mwm.us.edu.pl\/wp-content\/uploads\/2024\/04\/MWM_all-1024x541.jpg 1024w, https:\/\/mwm.us.edu.pl\/wp-content\/uploads\/2024\/04\/MWM_all-300x158.jpg 300w, https:\/\/mwm.us.edu.pl\/wp-content\/uploads\/2024\/04\/MWM_all-768x406.jpg 768w, https:\/\/mwm.us.edu.pl\/wp-content\/uploads\/2024\/04\/MWM_all-1536x811.jpg 1536w, https:\/\/mwm.us.edu.pl\/wp-content\/uploads\/2024\/04\/MWM_all-920x486.jpg 920w, https:\/\/mwm.us.edu.pl\/wp-content\/uploads\/2024\/04\/MWM_all-230x121.jpg 230w, https:\/\/mwm.us.edu.pl\/wp-content\/uploads\/2024\/04\/MWM_all-350x185.jpg 350w, https:\/\/mwm.us.edu.pl\/wp-content\/uploads\/2024\/04\/MWM_all-480x254.jpg 480w, https:\/\/mwm.us.edu.pl\/wp-content\/uploads\/2024\/04\/MWM_all.jpg 1859w\" sizes=\"auto, (max-width: 1024px) 100vw, 1024px\" \/><\/figure>\n\n\n\n<h4 class=\"wp-block-heading\">Projekt innowacyjno-wdro\u017ceniowy w zakresie oceny funkcjonalnej polegaj\u0105cy na badaniu i opracowaniu modelowych rozwi\u0105za\u0144 na rzecz \u015bwiadczonego lokalnie mi\u0119dzysektorowego wsparcia dla dzieci, uczni\u00f3w i rodzin na podstawie metodyki oceny funkcjonalnej z wykorzystaniem Mi\u0119dzynarodowej Klasyfikacji Funkcjonowania Niepe\u0142nosprawno\u015bci i Zdrowia \u2013 ICF<\/h4>\n\n\n\n<p><strong>Nazwa zadania:<\/strong><\/p>\n\n\n\n<p>Projekt&nbsp;innowacyjno-wdro\u017ceniowy w zakresie oceny funkcjonalnej.<\/p>\n\n\n\n<p><strong>Cel zadania<\/strong>:<\/p>\n\n\n\n<p>Realizowane zadanie ma na celu przeprowadzenie bada\u0144 naukowych, na bazie kt\u00f3rych zostan\u0105 opracowane modele rozwi\u0105za\u0144, kt\u00f3re pozwol\u0105 na efektywne zarz\u0105dzanie lokalnym wsparciem w wymiarze mi\u0119dzysektorowym. W wyniku realizacji zadania powstan\u0105 konkretne narz\u0119dzia do wdra\u017cania ww. cel\u00f3w oraz przygotowania kadr w tym zakresie. Wypracowane modele zostan\u0105 sprawdzone w wybranych powiatach. Efektywno\u015b\u0107 przygotowanych modeli oraz samego ich wdra\u017cania b\u0119dzie r\u00f3wnie\u017c poddawane badaniu naukowemu. Ca\u0142o\u015b\u0107 procesu badawczego b\u0119dzie poddawana ewaluacji.&nbsp;<\/p>\n\n\n\n<p>G\u0142\u00f3wnym celem projektu jest podniesienie jako\u015bci i efektywno\u015bci skoordynowanego, mi\u0119dzysektorowego, wsparcia udzielanego dzieciom, uczniom i ich rodzinom oraz \u015brodowisku, w kt\u00f3rym funkcjonuj\u0105 na poziomie lokalnym (powiatu). Aby m\u00f3c ten cel zrealizowa\u0107 potrzeba b\u0119dzie:<\/p>\n\n\n\n<ul class=\"wp-block-list\">\n<li>dokona\u0107 analizy zasob\u00f3w instytucjonalnych, form wsparcia \u015brodowiskowego oraz program\u00f3w realizowanych przez jednostki samorz\u0105dowe i organizacje pozarz\u0105dowe w sektorze zdrowia, edukacji i pomocy spo\u0142ecznej<\/li>\n\n\n\n<li>zintegrowa\u0107 dzia\u0142ania wok\u00f3\u0142 dziecka, ucznia i rodziny rozumiane jako po\u0142\u0105czenie w jeden instrument wsparcia wielu aktualnych form organizacyjnych wspierania rozwoju dzieci do czasu spe\u0142nienia obowi\u0105zku szkolnego oraz podczas jego realizacji oraz wdro\u017cy\u0107 mi\u0119dzysektorow\u0105 wsp\u00f3\u0142prac\u0119 i koordynacj\u0119 dzia\u0142a\u0144, szczeg\u00f3lnie w zakresie ochrony zdrowia, pomocy rodzinie i pomocy spo\u0142ecznej z oferowanymi formami wsparcia w systemie edukacji,<\/li>\n\n\n\n<li>uruchomi\u0107 zasoby wsparcia umiejscowione w \u015brodowisku dziecka, ucznia i rodziny<\/li>\n\n\n\n<li>wdro\u017cy\u0107 proces personalizacji wsparcia poprzez dostosowanie rodzaju i zakresu pomocy do rzeczywistych potrzeb dziecka, ucznia, rodziny i \u015brodowiska pozarodzinnego,<\/li>\n\n\n\n<li>zmniejszy\u0107 obci\u0105\u017cenia proceduralne zwi\u0105zane z uzyskaniem dost\u0119pu do wsparcia,<\/li>\n\n\n\n<li>efektywnie wykorzystywa\u0107 zasoby lokalne, jak r\u00f3wnie\u017c podnie\u015b\u0107 jako\u015b\u0107 \u015bwiadczonej pomocy, dzi\u0119ki sp\u00f3jno\u015bci cel\u00f3w i zsynchronizowaniu oddzia\u0142ywa\u0144 pomocowych (efekt synergii).<\/li>\n\n\n\n<li>wspiera\u0107 procesy zmian w \u015brodowiskach lokalnych ze szczeg\u00f3lnym uwzgl\u0119dnieniem zada\u0144 r\u00f3l jednostek koordynuj\u0105cych (JST), wspieraj\u0105cych (PPP, plac\u00f3wki I, II poziomu referencyjnego w ochronie zdrowia) oraz wsp\u00f3\u0142pracuj\u0105cych (przedszkola, szko\u0142y, plac\u00f3wki o\u015bwiatowe, organizacje pozarz\u0105dowe)<\/li>\n<\/ul>\n\n\n\n<p>Zadanie realizowane w okresie od kwietnia 2022 r. do 30 kwietnia 2024 r.<\/p>\n","protected":false},"excerpt":{"rendered":"<p>Projekt innowacyjno-wdro\u017ceniowy w zakresie oceny funkcjonalnej polegaj\u0105cy na badaniu i opracowaniu modelowych rozwi\u0105za\u0144 na rzecz \u015bwiadczonego lokalnie mi\u0119dzysektorowego wsparcia dla dzieci, uczni\u00f3w [&hellip;]<\/p>\n","protected":false},"author":1,"featured_media":0,"parent":0,"menu_order":0,"comment_status":"closed","ping_status":"closed","template":"","meta":{"footnotes":""},"class_list":["post-9","page","type-page","status-publish","hentry"],"_links":{"self":[{"href":"https:\/\/mwm.us.edu.pl\/index.php\/wp-json\/wp\/v2\/pages\/9","targetHints":{"allow":["GET"]}}],"collection":[{"href":"https:\/\/mwm.us.edu.pl\/index.php\/wp-json\/wp\/v2\/pages"}],"about":[{"href":"https:\/\/mwm.us.edu.pl\/index.php\/wp-json\/wp\/v2\/types\/page"}],"author":[{"embeddable":true,"href":"https:\/\/mwm.us.edu.pl\/index.php\/wp-json\/wp\/v2\/users\/1"}],"replies":[{"embeddable":true,"href":"https:\/\/mwm.us.edu.pl\/index.php\/wp-json\/wp\/v2\/comments?post=9"}],"version-history":[{"count":20,"href":"https:\/\/mwm.us.edu.pl\/index.php\/wp-json\/wp\/v2\/pages\/9\/revisions"}],"predecessor-version":[{"id":1904,"href":"https:\/\/mwm.us.edu.pl\/index.php\/wp-json\/wp\/v2\/pages\/9\/revisions\/1904"}],"wp:attachment":[{"href":"https:\/\/mwm.us.edu.pl\/index.php\/wp-json\/wp\/v2\/media?parent=9"}],"curies":[{"name":"wp","href":"https:\/\/api.w.org\/{rel}","templated":true}]}}