{"id":38,"date":"2022-05-17T14:11:51","date_gmt":"2022-05-17T14:11:51","guid":{"rendered":"https:\/\/mwm.us.edu.pl\/?page_id=38"},"modified":"2023-09-25T17:34:02","modified_gmt":"2023-09-25T17:34:02","slug":"zespol-projektowy","status":"publish","type":"page","link":"https:\/\/mwm.us.edu.pl\/index.php\/zespol-projektowy\/","title":{"rendered":"Zesp\u00f3\u0142 projektowy"},"content":{"rendered":"<div class=\"content-area\" style=\"box-sizing: border-box;\">\n<div style=\"padding:0px; border-radius: 6px; box-shadow: 0 1px 10px 1px #ccc;; overflow:hidden; display: inline-block; margin:10px;\">\n<div class=\"upper-c\" style=\"height:150px; background-color:#00102e;\">\n<div class=\"image-c\" style=\"position: absolute; right: 50%; transform: translate(50%, 40px); padding:5px; background: white; border-radius: 50%; width: fit-content;\">\n      <img decoding=\"async\" src=\"https:\/\/mwm.us.edu.pl\/wp-content\/uploads\/2022\/05\/Zenon-Gajdzica_s.jpg\" style=\"border-radius: 50%;  width:200px; height:200px;\" alt=\"prof. Zenon Gajdzica\">\n<\/div>\n<\/div>\n<div class=\"lower-c\" style=\"height:auto; background-color: #FFF; padding: 20px; padding-top: 80px; text-align:center;\">\n<h4 class=\"card-title\" style=\"box-sizing: border-box;\">prof. Zenon Gajdzica <br \/><span style=\"font-size:0.6em\">koordynator projektu<\/span><\/h4>\n<h6 class=\"card-title\" style=\"top-margin:0px;\">Uniwersytet \u015al\u0105ski w Katowicach<\/h6>\n<hr style=\"border-top: 1px solid grey; \">\n<p class=\"card-text\" style=\"font-size:12px; text-align:left;\">Prof. dr hab. pedagog specjalny, profesor Uniwersytetu \u015al\u0105skiego w Katowicach. G\u0142\u00f3wne kierunki bada\u0144: edukacja w\u0142\u0105czaj\u0105ca, edukacja i socjalizacja os\u00f3b z lekk\u0105 niepe\u0142nosprawno\u015bci\u0105 intelektualn\u0105, teoretyczne podstawy pedagogiki specjalnej, metodologia bada\u0144 spo\u0142ecznych. Autor \/ wsp\u00f3\u0142autor 11 monografii, m.in. Inclusive Education of Learners with Disability \u2013 the Theory versus Reality. Peter Lang, Berlin, Bern, Bruxelles, New York, Oxford, Warszawa, Wien 2020 (wsp\u00f3\u0142autorzy Robin McWilliam, Milo\u0148 Potm\u011b\u0161il, Guo Ling); Ucze\u0144 z lekk\u0105 niepe\u0142nosprawno\u015bci\u0105 intelektualn\u0105 w szkole og\u00f3lnodost\u0119pnej. Nauczyciele o (nie)zmienianej sytuacji w kontek\u015bcie kultury szko\u0142y inkluzyjnej. Wydawnictwo Naukowe PWN, Warszawa 2020. Redaktor i wsp\u00f3\u0142redaktor 25 prac zwartych, autor ponad 200 artyku\u0142\u00f3w i rozdzia\u0142\u00f3w w pracach zbiorowych. Od 2001 roku kierownik studi\u00f3w podyplomowych: Pedagogika specjalna w zakresie oligofrenopedagogiki. W latach 2008-2012 pe\u0142ni\u0142 funkcj\u0119 prodziekana ds. Naukowych i Wsp\u00f3\u0142pracy z Zagranic\u0105 Wydzia\u0142u Etnologii i Nauk i Edukacji w Cieszynie, w latach 2013 \u2013 2018 dziekana tego wydzia\u0142u. Po zmianach strukturalnych U\u015a od 2019 roku dziekan Wydzia\u0142u Nauk Spo\u0142ecznych. Od 2015 roku jest cz\u0142onkiem KNP Polskiej Akademii Nauk.\n<\/p>\n<p style=\"font-size:12px;\">Kontakt: <a href=\"mailto:zenon.gajdzica@us.edu.pl\" style=\"font-size:12px;\">zenon.gajdzica@us.edu.pl<\/a><\/p>\n<\/p><\/div>\n<\/p><\/div>\n<\/div>\n\n\n<div class=\"content-area\" style=\"box-sizing: border-box;\">\n<div style=\"padding:0px; border-radius: 6px; box-shadow: 0 1px 10px 1px #ccc;; overflow:hidden; display: inline-block; margin:10px;\">\n<div class=\"upper-c\" style=\"height:150px; background-color:#00102e;\">\n<div class=\"image-c\" style=\"position: absolute; right: 50%; transform: translate(50%, 40px); padding:5px; background: white; border-radius: 50%; width: fit-content;\">\n      <img decoding=\"async\" src=\"https:\/\/mwm.us.edu.pl\/wp-content\/uploads\/2022\/05\/Edyta-Widawska_s.jpg\" style=\"border-radius: 50%;  width:200px; height:200px;\"  alt=\"dr hab. Edyta Widawska, prof. U\u015a\">\n<\/div>\n<\/div>\n<div class=\"lower-c\" style=\"height:auto; background-color: #FFF; padding: 20px; padding-top: 80px; text-align:center;\">\n<h4 class=\"card-title\" style=\"box-sizing: border-box;\">dr hab. Edyta Widawska, prof. U\u015a<br \/><span style=\"font-size:0.6em\">zast\u0119pczyni koordynatora<\/span><\/h4>\n<h6 class=\"card-title\" style=\"top-margin:0px;\">Uniwersytet \u015al\u0105ski w Katowicach<\/h6>\n<hr style=\"border-top: 1px solid grey; \">\n<p class=\"card-text\" style=\"font-size:12px; text-align:left;\">Profesorka Uniwersytetu \u015al\u0105skiego, doktorka habilitowana w zakresie pedagogiki, doktorka nauk humanistycznych w zakresie socjologii, pedago\u017cka spo\u0142eczna, ekspertka Helsi\u0144skiej Fundacji Praw Cz\u0142owieka, cz\u0142onkini Sieci Obywatelskiej Watchdog Polska, wieloletnia cz\u0142onkini Komisji Ekspert\u00f3w ds. Zdrowia przy Rzeczniku Praw Obywatelskich, specjalistka ds. monitoringu i praw cz\u0142owieka, trenerka i edukatorka dzia\u0142a\u0144 r\u00f3wno\u015bciowych w kraju i za granic\u0105, wsp\u00f3\u0142pracuj\u0105ca z wieloma organizacjami trzeciego sektora. Autorka licznych publikacji dotycz\u0105cych proces\u00f3w inkluzywnych i ich prawocz\u0142owieczego wymiaru. Prac\u0119 w obszarze bada\u0144 naukowych \u0142\u0105czy skutecznie z praktyk\u0105, realizuj\u0105c projekty we wsp\u00f3\u0142pracy z instytucjami zaanga\u017cowanymi we wprowadzanie polityk r\u00f3wno\u015bciowych na poziomie krajowym i mi\u0119dzynarodowym (m.in. RPO, OBWE, ONZ, RE, UE, UNHCR).<\/p>\n<p style=\"font-size:12px;\">Kontakt: <a href=\"mailto:edyta.widawska@us.edu.pl\" style=\"font-size:12px;\">edyta.widawska@us.edu.pl<\/a><\/p>\n<\/p><\/div>\n<\/p><\/div>\n<\/div>\n\n\n<div class=\"content-area\" style=\"box-sizing: border-box;\">\n<div style=\"padding:0px; border-radius: 6px; box-shadow: 0 1px 10px 1px #ccc;; overflow:hidden; display: inline-block; margin:10px;\">\n<div class=\"upper-c\" style=\"height:150px; background-color:#00102e;\">\n<div class=\"image-c\" style=\"position: absolute; right: 50%; transform: translate(50%, 40px); padding:5px; background: white; border-radius: 50%; width: fit-content;\">\n      <img decoding=\"async\" src=\"https:\/\/mwm.us.edu.pl\/wp-content\/uploads\/2022\/05\/Stanislawa-Byra_s.jpg\" style=\"border-radius: 50%;  width:200px; height:200px;\"  alt=\"dr hab. Stanis\u0142awa Byra, prof. UMCS\">\n<\/div>\n<\/div>\n<div class=\"lower-c\" style=\"height:auto; background-color: #FFF; padding: 20px; padding-top: 80px; text-align:center;\">\n<h4 class=\"card-title\" style=\"box-sizing: border-box;\">dr hab. Stanis\u0142awa Byra, prof. UMCS<\/h4>\n<h6 class=\"card-title\" style=\"top-margin:0px;\"> Uniwersytet Marii Curie-Sk\u0142odowskiej w Lublinie<\/h6>\n<hr style=\"border-top: 1px solid grey; \">\n<p class=\"card-text\" style=\"font-size:12px; text-align:left;\">Pracownik badawczo-dydaktyczny Uniwersytetu Marii Curie-Sk\u0142odowskiej w Lublinie, Kierownik Katedry Metodologii Nauk Pedagogicznych, Dyrektor Instytutu Pedagogiki UMCS. Autorka ponad 100 publikacji z zakresu niepe\u0142nosprawno\u015bci ruchowej: psychospo\u0142ecznych konsekwencji w aspekcie indywidualnym i rodzinnym. Przedsi\u0119wzi\u0119cia badawcze i publikacyjne obejmuj\u0105 r\u00f3wnie\u017c zagadnienia edukacji, opieki i rehabilitacji os\u00f3b z niepe\u0142nosprawno\u015bci\u0105 i chorob\u0105 przewlek\u0142\u0105, a tak\u017ce funkcjonowania rodzic\u00f3w dzieci z niepe\u0142nosprawno\u015bci\u0105. Nieod\u0142\u0105czny element dzia\u0142alno\u015bci naukowej to adaptacje i opracowania narz\u0119dzi badawczych.\n<\/p>\n<p style=\"font-size:12px;\">Kontakt: <a href=\"mailto:stanislawa.byra@poczta.umcs.lublin.pl\" style=\"font-size:12px;\">stanislawa.byra@poczta.umcs.lublin.pl<\/a><\/p>\n<\/p><\/div>\n<\/p><\/div>\n<\/div>\n\n\n<div class=\"content-area\" style=\"box-sizing: border-box;\">\n<div style=\"padding:0px; border-radius: 6px; box-shadow: 0 1px 10px 1px #ccc;; overflow:hidden; display: inline-block; margin:10px;\">\n<div class=\"upper-c\" style=\"height:150px; background-color:#00102e;\">\n<div class=\"image-c\" style=\"position: absolute; right: 50%; transform: translate(50%, 40px); padding:5px; background: white; border-radius: 50%; width: fit-content;\">\n      <img decoding=\"async\" src=\"https:\/\/mwm.us.edu.pl\/wp-content\/uploads\/2022\/06\/Ewa-Domagala-Zysk_s.jpg\" style=\"border-radius: 50%;  width:200px; height:200px;\"  alt=\"dr hab. Ewa Domaga\u0142a-Zy\u015bk, prof. KUL\">\n<\/div>\n<\/div>\n<div class=\"lower-c\" style=\"height:auto; background-color: #FFF; padding: 20px; padding-top: 80px; text-align:center;\">\n<h4 class=\"card-title\" style=\"box-sizing: border-box;\">dr hab. Ewa Domaga\u0142a-Zy\u015bk, prof. KUL<\/h4>\n<h6 class=\"card-title\" style=\"top-margin:0px;\">Katolicki Uniwersytet Lubelski w Lublinie<\/h6>\n<hr style=\"border-top: 1px solid grey; \">\n<p class=\"card-text\" style=\"font-size:12px; text-align:left;\">Kierownik  Katedry Pedagogiki Specjalnej KUL. Prowadzi badania w zakresie specjalnych potrzeb edukacyjnych dzieci i m\u0142odzie\u017cy, niepe\u0142nosprawno\u015bci intelektualnej oraz surdoglottodydaktyki. Jest wsp\u00f3\u0142autork\u0105 programu przygotowania m\u0142odzie\u017cy z niepe\u0142nosprawno\u015bci\u0105 intelektualn\u0105 do funkcjonowania w \u015brodowisku pracy pt. \u201eJestem doros\u0142y \u2013 chc\u0119 pracowa\u0107\u201d, programu edukacji wczesnoszkolnej pt. \u201eDo\u015bwiadczam \u2013 rozumiem \u2013 wiem\u201d,  baterii test\u00f3w do badania rozwoju spo\u0142eczno-emocjonalnego uczni\u00f3w w \u015brednim wieku szkolnym TROS-KA oraz polskiej wersji Systemu Oceny Zachowa\u0144 Adaptacyjnych ABAS-3. Ostatnio pod jej redakcj\u0105 ukaza\u0142y si\u0119 publikacje Zdalne uczenie si\u0119 i nauczanie a specjalne potrzeby edukacyjne. Z do\u015bwiadcze\u0144 pandemii Covid-19 (2020) oraz W\u0142\u0105czmy kamerki. Z do\u015bwiadcze\u0144 edukacji zdalnej w szkole i na uczelni (2021).<\/p>\n<p style=\"font-size:12px;\">Kontakt: <a href=\"mailto:ewa.domagala-zysk@kul.pl\" style=\"font-size:12px;\">ewa.domagala-zysk@kul.pl<\/a><\/p>\n<\/p><\/div>\n<\/p><\/div>\n<\/div>\n\n\n\n<div class=\"content-area\" style=\"box-sizing: border-box;\">\n    <div style=\"padding:0px; border-radius: 6px; box-shadow: 0 1px 10px 1px #ccc;; overflow:hidden; display: inline-block; margin:10px;\">\n<div class=\"upper-c\" style=\"height:150px; background-color:#00102e;\">\n<div class=\"image-c\" style=\"position: absolute; right: 50%; transform: translate(50%, 40px); padding:5px; background: white; border-radius: 50%; width: fit-content;\">\n      <img decoding=\"async\" src=\"https:\/\/mwm.us.edu.pl\/wp-content\/uploads\/2022\/05\/Beata-Jachimczak_s.jpg\" style=\"border-radius: 50%;  width:200px; height:200px;\"  alt=\"dr hab. Beata Jachimczak, prof. UAM\">\n<\/div>\n<\/div>\n<div class=\"lower-c\" style=\"height:auto; background-color: #FFF; padding: 20px; padding-top: 80px; text-align:center;\">\n          <h4 class=\"card-title\" style=\"box-sizing: border-box;\">dr hab. Beata Jachimczak, prof. UAM<\/h4>\n \n          <h6 class=\"card-title\" style=\"top-margin:0px;\">Uniwersytet im. Adama Mickiewicza w Poznaniu<\/h6>\n<hr style=\"border-top: 1px solid grey; \">\n<p class=\"card-text\" style=\"font-size:12px; text-align:left;\">Pedagog, pedagog specjalny. pedagog w zakresie nauczania pocz\u0105tkowego, pedagog specjalny w zakresie pedagogiki resocjalizacyjnej, pedagogiki korekcyjnej, pedagogiki wspieraj\u0105cej uczni\u00f3w ze specjalnymi potrzebami edukacyjnymi.\nZainteresowania naukowe skoncentrowane na problematyce wychowania i kszta\u0142cenia ucznia ze SPE (IPR-indywidualne potrzeby rozwojowe, IPE-indywidualne potrzeby edukacyjne) oraz na zagadnieniach polityki o\u015bwiatowej ukierunkowanej na budowanie systemu profilaktyki, opieki, wsparcia i edukacji (edukacja grup zr\u00f3\u017cnicowanych: integracyjna, w\u0142\u0105czaj\u0105ca). <\/p>\n<ul style=\"font-size:12px; text-align:left;\">\n<li>W latach 1992 \u2013 2005 nauczyciel w Szkole Podstawowej z oddzia\u0142ami integracyjnymi. <\/li>\n<li>Za\u0142o\u017cyciel oraz wieloletni cz\u0142onek zarz\u0105du Fundacji Pomocy Rodzinie OPOKA w \u0141odzi.<\/li> \n<li>Od 1996 do chwili obecnej wyk\u0142adowca akademicki: obecnie Uniwersytet Adama Mickiewicza w Poznaniu. <\/li>\n<li>Ekspert MEN ds. specjalnych potrzeb edukacyjnych (w zespole przygotowuj\u0105cym koncepcje zmian w kszta\u0142ceniu specjalnym, 2008-2009 oraz wsp\u00f3\u0142praca ekspercka MEiN 2020-nadal).<\/li>\n<li>W latach 2012-2015 Dyrektor Wydzia\u0142u Edukacji Urz\u0119du Miasta \u0141odzi.<\/li>\n<li>W latach 2015- 2017   Doradca Prezydenta Miasta \u0141odzi ds. o\u015bwiatowych. <\/li>\n<li>W latach 2018 &#8211; 2021 Pe\u0142nomocnik Prezydenta miasta \u0141odzi ds. program\u00f3w i projekt\u00f3w edukacyjnych.<\/li>\n<li>Ekspert Unii Metropolii Polskich.<\/li>\n<\/ul>\n<\/p>\n<\/p>\n<p style=\"font-size:12px;\">Kontakt: <a href=\"mailto:b.jachimczak@gmail.com\" style=\"font-size:12px;\">b.jachimczak@gmail.com<\/a><\/p>\n      <\/div>\n    <\/div>\n<\/div>\n\n\n<div class=\"content-area\" style=\"box-sizing: border-box;\">\n<div style=\"padding:0px; border-radius: 6px; box-shadow: 0 1px 10px 1px #ccc;; overflow:hidden; display: inline-block; margin:10px;\">\n<div class=\"upper-c\" style=\"height:150px; background-color:#00102e;\">\n<div style=\"position:absolute; width: 200px; height: 200px; left:40px; background-color: #FFF; opacity: .2; margin: 40px auto 0; transform: rotate(25deg); overflow:hidden;\"><\/div>\n<div style=\"position:absolute; width:160px; height: 160px; left:100px; background-color: #FFF; opacity: .2; margin: 40px auto 0; transform: rotate(-35deg); overflow:hidden;\"><\/div>\n<div style=\"position:absolute; width:100px; height: 100px; left:160px; background-color: #FFF; opacity: .2; margin: 40px auto 0; transform: rotate(15deg); overflow:hidden;\"><\/div>\n<div style=\"position:absolute; width:60px; height: 60px; left:140px; background-color: #FFF; opacity: .2; margin: 40px auto 0; transform: rotate(-55deg); overflow:hidden;\"><\/div>\n<div class=\"image-c\" style=\"position: absolute; right: 50%; transform: translate(50%, 40px); padding:5px; background: white; border-radius: 50%; width: fit-content;\">\n      <img decoding=\"async\" src=\"https:\/\/mwm.us.edu.pl\/wp-content\/uploads\/2022\/06\/Radoslaw-Piotrowiczs.jpg\" style=\"border-radius: 50%;  width:200px; height:200px;\"  alt=\"dr Rados\u0142aw Piotrowicz\">\n<\/div>\n<\/div>\n<div class=\"lower-c\" style=\"height:auto; background-color: #FFF; padding: 20px; padding-top: 80px; text-align:center;\">\n<h4 class=\"card-title\" style=\"box-sizing: border-box;\">dr Rados\u0142aw Piotrowicz<\/h4>\n<h6 class=\"card-title\" style=\"top-margin:0px;\">Akademia Pedagogiki Specjalnej im. Marii Grzegorzewskiej w Warszawie<\/h6>\n<hr style=\"border-top: 1px solid grey; \">\n<p class=\"card-text\" style=\"font-size:12px; text-align:left;\">Dr Rados\u0142aw Piotrowicz-  pedagog specjalny, oligofrenopedagogika, rehabilitacja dzieci ze sprz\u0119\u017con\u0105 niepe\u0142nosprawno\u015bci\u0105, specjalista  wczesnej interwencji, wczesnego wspomagania rozwoju dziecka, terapeuta i diagnosta, dzia\u0142acz spo\u0142eczny-  wsp\u00f3\u0142uczestniczy w dzia\u0142aniach spo\u0142ecznych  w organizowaniu systemu wsparcia w osi\u0105ganiu niezale\u017cno\u015bci i bezpiecznej przysz\u0142o\u015bci dla os\u00f3b z niepe\u0142nosprawno\u015bci\u0105 od dzieci\u0144stwa ( wczesna interwencja)  do staro\u015bci (mieszkalnictwo- bezpieczna przysz\u0142o\u015b\u0107), zgodnie z ide\u0105 niezale\u017cnego \u017cycia i budowania kr\u0119g\u00f3w wsparcie w spo\u0142eczno\u015bci lokalnej.<br \/>\nStopie\u0144 doktora nauk humanistycznych w zakresie pedagogiki specjalnej Wydzia\u0142 Nauk Pedagogicznych, Akademia Pedagogiki Specjalnej im. Marii Grzegorzewskiej  w Warszawie   Rozprawa nt. Poczucie jako\u015bci \u017cycia w percepcji  os\u00f3b z niepe\u0142nosprawno\u015bci\u0105 intelektualn\u0105 w stopniu umiarkowanym, promotor dr hab. Andrzeja Giry\u0144ski prof. APS,  recenzenci:  Prof. dr hab. Joanna Glodkowska, Prof. dr hab. Janina Wyczesany,<br \/>\nAdiunkt w Akademii Pedagogiki Specjalnej im Marii Grzegorzewskiej w Warszawie, Instytut  Pedagogiki Specjalnej.<br \/>\nW latach 2005-2012 prodziekan Wydzia\u0142u Nauk Pedagogicznych w APS, Kierownik projektu realizowanego ze \u015brodk\u00f3w Europejskiego Funduszu Spo\u0142ecznego: Program nauczania pierwszej pomocy przedmedycznej uczni\u00f3w ze specjalnymi potrzebami edukacyjnymi -opracowanie i pilota\u017cowe wdro\u017cenie program\u00f3w. Umowa: POKL03.03.04-00-046\/09-01 (2009-2011), od 2007 roku autor programu studi\u00f3w i kierownik studi\u00f3w podyplomowych: Wczesna Interwencja &#8211; pomoc dziecku i rodzinie w zakresie wczesnego wspomagania rozwoju i opieki nad ma\u0142ym dzieckiem oraz kierownik specjalno\u015bci Wczesne wspomaganie rozwoju, na kierunku pedagogika specjalna.\n<\/p>\n<p style=\"font-size:12px;\">Kontakt: <a href=\"mailto:rpiotrowicz@aps.edu.pl\" style=\"font-size:12px;\">rpiotrowicz@aps.edu.pl<\/a><\/p>\n<\/p><\/div>\n<\/p><\/div>\n<\/div>\n","protected":false},"excerpt":{"rendered":"<p>dr hab. Beata Jachimczak, prof. UAM Uniwersytet im. Adama Mickiewicza w Poznaniu Pedagog, pedagog specjalny. pedagog w zakresie nauczania pocz\u0105tkowego, pedagog specjalny [&hellip;]<\/p>\n","protected":false},"author":1,"featured_media":0,"parent":0,"menu_order":0,"comment_status":"closed","ping_status":"closed","template":"","meta":{"footnotes":""},"class_list":["post-38","page","type-page","status-publish","hentry"],"_links":{"self":[{"href":"https:\/\/mwm.us.edu.pl\/index.php\/wp-json\/wp\/v2\/pages\/38","targetHints":{"allow":["GET"]}}],"collection":[{"href":"https:\/\/mwm.us.edu.pl\/index.php\/wp-json\/wp\/v2\/pages"}],"about":[{"href":"https:\/\/mwm.us.edu.pl\/index.php\/wp-json\/wp\/v2\/types\/page"}],"author":[{"embeddable":true,"href":"https:\/\/mwm.us.edu.pl\/index.php\/wp-json\/wp\/v2\/users\/1"}],"replies":[{"embeddable":true,"href":"https:\/\/mwm.us.edu.pl\/index.php\/wp-json\/wp\/v2\/comments?post=38"}],"version-history":[{"count":205,"href":"https:\/\/mwm.us.edu.pl\/index.php\/wp-json\/wp\/v2\/pages\/38\/revisions"}],"predecessor-version":[{"id":1616,"href":"https:\/\/mwm.us.edu.pl\/index.php\/wp-json\/wp\/v2\/pages\/38\/revisions\/1616"}],"wp:attachment":[{"href":"https:\/\/mwm.us.edu.pl\/index.php\/wp-json\/wp\/v2\/media?parent=38"}],"curies":[{"name":"wp","href":"https:\/\/api.w.org\/{rel}","templated":true}]}}