{"id":375,"date":"2022-06-21T21:07:05","date_gmt":"2022-06-21T21:07:05","guid":{"rendered":"https:\/\/mwm.us.edu.pl\/?page_id=375"},"modified":"2022-06-21T21:28:04","modified_gmt":"2022-06-21T21:28:04","slug":"regulamin","status":"publish","type":"page","link":"https:\/\/mwm.us.edu.pl\/index.php\/regulamin\/","title":{"rendered":"Regulamin"},"content":{"rendered":"\n<p><strong>organizacji i udzia\u0142u w \u201eProjekcie innowacyjno-wdro\u017ceniowym w zakresie oceny funkcjonalnej\u201d polegaj\u0105cym na badaniu i opracowaniu modelowych rozwi\u0105za\u0144 na rzecz \u015bwiadczonego lokalnie mi\u0119dzysektorowego wsparcia dla dzieci, uczni\u00f3w i rodzin na podstawie metodyki oceny funkcjonalnej z wykorzystaniem Mi\u0119dzynarodowej Klasyfikacji Funkcjonowania Niepe\u0142nosprawno\u015bci i Zdrowia \u2013 ICF<\/strong>, zwanego dalej \u201eZadaniem\u201d, realizowanym przez Uniwersytet \u015al\u0105ski w Katowicach, zwany dalej \u201eUczelni\u0105\u201d<\/p>\n\n\n<ol>\n<li>Postanowienia og\u00f3lne<\/li>\n<\/ol>\n<p style=\"padding-left: 40px;\">1.1. Regulamin organizacji i udzia\u0142u w zadaniu pt. \u201eOrganizacja i realizacja \u201eProjektu innowacyjno-wdro\u017ceniowego w zakresie oceny funkcjonalnej\u201d polegaj\u0105cego na badaniu i opracowaniu modelowych rozwi\u0105za\u0144 na rzecz \u015bwiadczonego lokalnie mi\u0119dzysektorowego wsparcia dla dzieci, uczni\u00f3w i rodzin na podstawie metodyki oceny funkcjonalnej z wykorzystaniem Mi\u0119dzynarodowej Klasyfikacji Funkcjonowania Niepe\u0142nosprawno\u015bci i Zdrowia \u2013 ICF\u201d, zwany dalej \u201eRegulaminem\u201d okre\u015bla zasady i warunki organizacji i uczestnictwa w zadaniach realizowanych w ramach badania i opracowania modelowych rozwi\u0105za\u0144 w zakresie wsparcia mi\u0119dzysektorowego na poziomie powiat\u00f3w.<\/p>\n<p style=\"padding-left: 40px;\">1.2. Realizatorem zadania jest Uniwersytet \u015al\u0105ski w Katowicach z siedzib\u0105 przy ul. Bankowej 12, 40-007 Katowice, zwan\u0105 dalej \u201eUczelni\u0105\u201d, na zlecenie Ministerstwa Edukacji i Nauki w ramach umowy nr MEiN\/2022\/DWEW\/1070.<\/p>\n<ul>\n<li style=\"list-style-type: none;\">\n<ol>\n<li>1.3. Projekt realizowany jest w terminie od 26.04.2022 r. do 31.12.2023 r., w tym z udzia\u0142em Powiat\u00f3w w terminie od 01.09.2022 r. do 31.08.2023 r.<\/li>\n<li>1.4. Celem realizowanego Zadania jest przeprowadzenie bada\u0144 naukowych, na bazie kt\u00f3rych zostan\u0105 opracowane modele rozwi\u0105za\u0144, kt\u00f3re pozwol\u0105 na efektywne zarz\u0105dzanie lokalnym wsparciem w wymiarze mi\u0119dzysektorowym. W wyniku realizacji Zadania powstan\u0105 konkretne narz\u0119dzia do wdra\u017cania ww. cel\u00f3w oraz przygotowania kadr w tym zakresie. Wypracowane modele wsparcia mi\u0119dzysektorowego (dalej: MWM) zostan\u0105 sprawdzone w wybranych powiatach. Efektywno\u015b\u0107 przygotowanych modeli oraz samego ich wdra\u017cania b\u0119dzie r\u00f3wnie\u017c poddawane badaniu naukowemu. Ca\u0142o\u015b\u0107 procesu badawczego b\u0119dzie poddawana ewaluacji.<\/li>\n<li>1.5. G\u0142\u00f3wnym za\u0142o\u017ceniem MWM jest m.in. podniesienie jako\u015bci i efektywno\u015bci wsparcia dla dzieci, uczni\u00f3w i rodzin przez jednoczesne:\n<ol>\n<li>1.5.1. uruchamianie zasob\u00f3w w \u015brodowisku dziecka, ucznia i rodziny,<\/li>\n<li>1.5.2. zintegrowanie dzia\u0142a\u0144 wok\u00f3\u0142 dziecka, ucznia i rodziny, rozumiane jako po\u0142\u0105czenie w jeden instrument wsparcia wielu aktualnych form organizacyjnych oraz wdro\u017cenie mi\u0119dzysektorowej wsp\u00f3\u0142pracy i koordynacji dzia\u0142a\u0144, szczeg\u00f3lnie w zakresie ochrony zdrowia, pomocy rodzinie i pomocy spo\u0142ecznej z oferowanymi formami wsparcia w systemie edukacji,<\/li>\n<li>1.5.3. personalizacj\u0119 wsparcia poprzez dostosowanie rodzaju i zakresu pomocy do rzeczywistych potrzeb dziecka, ucznia, rodziny i \u015brodowiska pozarodzinnego,<\/li>\n<li>1.5.4. zmniejszenie obci\u0105\u017ce\u0144 proceduralnych zwi\u0105zanych z uzyskaniem dost\u0119pu do wsparcia,<\/li>\n<li>1.5.5. efektywne wykorzystanie zasob\u00f3w lokalnych, jak r\u00f3wnie\u017c podniesienie jako\u015bci \u015bwiadczonej pomocy, dzi\u0119ki sp\u00f3jno\u015bci cel\u00f3w i zsynchronizowaniu oddzia\u0142ywa\u0144 pomocowych (efekt synergii).<\/li>\n<\/ol>\n<\/li>\n<li>1.6. G\u0142\u00f3wne zadanie Uczelni obejmuje przeprowadzenie w 48 reprezentatywnych powiatach bada\u0144 dotycz\u0105cych rozpoznawania zasob\u00f3w i trudno\u015bci dziecka, ucznia i jego rodziny, z uwzgl\u0119dnieniem oceny funkcjonalnej z zastosowaniem klasyfikacji ICF.<\/li>\n<li>1.7. Celem Zadania jest:\n<ol>\n<li>1.7.1. analiza zasob\u00f3w powiat\u00f3w, w tym mo\u017cliwo\u015bci i barier w procesie wdra\u017cania modelu wsparcia mi\u0119dzysektorowego (MWM) dla dziecka i ucznia,<\/li>\n<li>1.7.2. analiza i weryfikacja propozycji narz\u0119dzi oceny funkcjonalnej dziecka, ucznia, jego rodziny i \u015brodowiska pozarodzinnego,<\/li>\n<li>1.7.3. weryfikacja jako\u015bci wsparcia udzielanego dziecku i rodzinie zgodnie z za\u0142o\u017ceniami Standard\u00f3w WWR na podstawie studi\u00f3w rodziny, uwzgl\u0119dniaj\u0105cego nast\u0119puj\u0105ce etapy post\u0119powania:\n<ol>\n<li>1.7.3.1. okre\u015blanie potrzeb, w tym monitorowanie rozwoju dziecka,<\/li>\n<li>1.7.3.2. przeprowadzenie oceny funkcjonalnej,<\/li>\n<li>1.7.3.3. okre\u015blenie profilu funkcjonalnego dziecka i ekomapy potrzeb rodziny,<\/li>\n<li>1.7.3.4. okre\u015blenie poziomu wsparcia dziecka i rodziny, zgodnie z za\u0142o\u017ceniami MWM,<\/li>\n<li>1.7.3.5. opracowanie indywidualnego planu wczesnego wspomagania rozwoju dziecka i wsparcia rodziny (dalej: IPWWR),<\/li>\n<li>1.7.3.6. realizacja IPWWR,<\/li>\n<li>1.7.3.7. monitorowanie i ewaluacja IPWWR.<\/li>\n<\/ol>\n<\/li>\n<li>1.7.4. weryfikacja jako\u015bci wsparcia udzielanego uczniowi i rodzinie zgodnie z za\u0142o\u017ceniem Standard\u00f3w wsparcia ucznia na podstawie pog\u0142\u0119bionej diagnozy uwzgl\u0119dniaj\u0105cej nast\u0119puj\u0105ce etapy post\u0119powania:\n<ol>\n<li>1.7.4.1. okre\u015blanie potrzeb, w tym monitorowanie rozwoju ucznia,<\/li>\n<li>1.7.4.2. przeprowadzenie oceny funkcjonalnej,<\/li>\n<li>1.7.4.3. okre\u015blenie profilu funkcjonalnego ucznia i ekomapy \u015brodowiska,<\/li>\n<li>1.7.4.4. opracowanie modelu wsparcia uczni\u00f3w i rodzin na terenie szko\u0142y,<\/li>\n<li>1.7.4.5. opracowanie indywidualnego planu edukacyjnego (dalej: IPE),<\/li>\n<li>1.7.4.6. opracowanie indywidualnego planu wspierania ucznia i rodziny (dalej: IPWUR),<\/li>\n<li>1.7.4.7. realizacja IPWUR,<\/li>\n<li>1.7.4.8. monitorowanie i ewaluacja IPWUR.<\/li>\n<\/ol>\n<\/li>\n<\/ol>\n<\/li>\n<li>1.8. Zgodnie z za\u0142o\u017ceniami badania jego Uczestnikami s\u0105 jednostki samorz\u0105du terytorialnego II poziomu, zwane dalej \u201ePowiatami\u201d, w tym miasta na prawach powiatu.<\/li>\n<li>1.9. Og\u00f3lny nadz\u00f3r nad realizacj\u0105 Zadania, a tak\u017ce rozstrzyganie spraw, kt\u00f3re nie s\u0105 uregulowane niniejszym Regulaminem nale\u017cy do kierownika Zadania realizowanego w ramach umowy z MEiN w Uczelni.<\/li>\n<\/ol>\n<\/li>\n<li>Zasady zg\u0142aszania udzia\u0142u i rekrutacji w Zadaniu\n<ol>\n<li>2.1. W rekrutacji do Zadania mog\u0105 uczestniczy\u0107 wszystkie powiaty z terenu ca\u0142ej Polski, w tym miasta na prawach powiatu (dalej: Powiat).<\/li>\n<li>2.2. Liczba Powiat\u00f3w, kt\u00f3re zostan\u0105 przygotowane do stosowania rozwi\u0105za\u0144 opisanych w Ustawie o wsparciu dzieci, uczni\u00f3w i rodzin \u2013 48.<\/li>\n<li>2.3. Wyb\u00f3r trzech powiat\u00f3w w ka\u017cdym wojew\u00f3dztwie (w sumie 48 Powiat\u00f3w) zostanie przeprowadzony wed\u0142ug nast\u0119puj\u0105cego klucza \u2013 wi\u0119cej informacji na stronie https:\/\/www.polskawliczbach.pl\/Powiaty:\n<ol>\n<li>2.3.1. miasto na prawach powiatu, o najwy\u017cszych wska\u017anikach: obszar, populacja, stopa urbanizacji,<\/li>\n<li>2.3.2. powiat o wska\u017anikach: o najwi\u0119kszym obszarze i najni\u017cszym stopniu urbanizacji,<\/li>\n<li>2.3.3. powiat o wska\u017anikach: najmniejszym obszarze i najwy\u017cszym stopniu urbanizacji.<\/li>\n<\/ol>\n<\/li>\n<li>2.4. Zg\u0142oszenia Powiat\u00f3w do realizacji Zadania odbywaj\u0105 si\u0119 poprzez rejestracj\u0119 elektroniczn\u0105 na stronie https:\/\/mwm.us.edu.pl\/ &#8211; link do karty zg\u0142oszenia do projektu https:\/\/el.us.edu.pl\/ankiety\/index.php\/admin\/survey\/sa\/view\/surveyid.<\/li>\n<li>2.5. Dokonanie skutecznego zg\u0142oszenia rekrutacyjnego wymaga:\n<ol>\n<li>2.5.1. elektronicznego wype\u0142nienia formularza karty zg\u0142oszenia do projektu i przes\u0142ania w terminie do 30.06.2022 r.,<\/li>\n<li>2.5.2. akceptacji regulaminu organizacji i udzia\u0142u w realizacji zadania, poprzez elektroniczne odznaczenie ikony \u201eAkceptuj\u0119\u201d,<\/li>\n<li>2.5.3. potwierdzenia zapoznania si\u0119 z informacj\u0105 o przetwarzaniu danych, poprzez elektroniczne odznaczenie ikony \u201ePotwierdzam\u201d,<\/li>\n<li>2.5.4. akceptacji wzoru dokumentu Porozumienia w sprawie udzia\u0142u w realizacji zadania, poprzez elektroniczne odznaczenie ikony \u201ePotwierdzam\u201d.<\/li>\n<\/ol>\n<\/li>\n<li>2.6. Powiat zg\u0142aszaj\u0105cy udzia\u0142 w realizacji zadania w trakcie rejestracji zg\u0142oszenia ma obowi\u0105zek zapozna\u0107 si\u0119 i zaakceptowa\u0107 Regulamin, dost\u0119pny na stronie https:\/\/mwm.us.edu.pl\/.<\/li>\n<li>2.7. Na podstawie zg\u0142oszenia tworzy si\u0119 listy rankingowe powiat\u00f3w, w kt\u00f3rych uwzgl\u0119dnia si\u0119 kryteria okre\u015blone w pkt. 2.3.<\/li>\n<li>2.8. Na podstawie listy rankingowej do udzia\u0142u w realizacji Zadania zakwalifikowane zostan\u0105 po trzy powiaty w ka\u017cdym wojew\u00f3dztwie, w tym:\n<ol>\n<li>1) 1 miasto na prawach powiatu, o najwy\u017cszych wska\u017anikach: obszar, populacja, stopa urbanizacji,<\/li>\n<li>2) 1 powiat o wska\u017anikach: o najwi\u0119kszym obszarze i najni\u017cszym stopniu urbanizacji,<\/li>\n<li>3) 1 powiat o wska\u017anikach: najmniejszym obszarze i najwy\u017cszym stopniu urbanizacji.<\/li>\n<\/ol>\n<\/li>\n<li>2.9. Wyniki rekrutacji zostan\u0105 zamieszczone na stronie internetowej https:\/\/mwm.us.edu.pl\/, a na adres poczty elektronicznej wskazany w formularzu zg\u0142oszenia zostanie przes\u0142ana powiatom informacja o pozytywnym wyniku rekrutacji, kt\u00f3re zakwalifikuj\u0105 si\u0119 do udzia\u0142u w projekcie w wyniku post\u0119powania rekrutacyjnego.<\/li>\n<li>2.10. Powiat zg\u0142aszaj\u0105cy udzia\u0142 w Zadaniu, w razie rezygnacji ma obowi\u0105zek niezw\u0142ocznie poinformowa\u0107 o tym Uczelni\u0119 jako realizatora Zadania.<\/li>\n<li>2.11. W przypadku rezygnacji z udzia\u0142u w Zadaniu zakwalifikowanego Powiatu, kwalifikowany b\u0119dzie kolejny Powiat b\u0119d\u0105cy na li\u015bcie rankingowej.<\/li>\n<li>2.12. Ka\u017cdy Powiat po zg\u0142oszeniu do realizacji Zadania i podpisaniu porozumienia ma 14 dni na wskazanie osoby, kt\u00f3ra b\u0119dzie Koordynatorem wsparcia mi\u0119dzysektorowego (dalej: Koordynator WM) na poziomie powiatu, kt\u00f3ry b\u0119dzie pe\u0142ni\u0142 rol\u0119 osoby koordynuj\u0105cej realizacj\u0119 modelu wsparcia mi\u0119dzysektorowego w powiecie.<\/li>\n<li>2.13. Ka\u017cdy Powiat po zg\u0142oszeniu do realizacji Zadania i podpisaniu porozumienia ma 14 dni na wskazanie jednego podmiotu na terenie powiatu, kt\u00f3ry b\u0119dzie pe\u0142ni\u0142 rol\u0119 Instytucji Koordynuj\u0105cej realizacj\u0119 modelu wsparcia mi\u0119dzysektorowego (dalej: IK) oraz osob\u0119, pe\u0142ni\u0105c\u0105 funkcj\u0119 koordynatora realizacji zadania w Instytucji Koordynuj\u0105cej, a tak\u017ce powiatowych koordynator\u00f3w ds. bada\u0144 (dalej: KB).<\/li>\n<li>2.14. Podanie przez Uczestnika nieprawdziwych danych jest jednoznaczne z wykluczeniem go z udzia\u0142u w realizacji Zadnia.<\/li>\n<li>2.15. W przypadku realizacji powierzonych obowi\u0105zk\u00f3w niezgodnie z za\u0142o\u017ceniami Zadania, Uczelnia ma prawo rozwi\u0105za\u0107 porozumienie pod rygorem zwrotu ca\u0142o\u015bci przekazanych \u015brodk\u00f3w.<\/li>\n<\/ol>\n<\/li>\n<li>3. Warunki udzia\u0142u w realizacji Zadania\n<ol>\n<li>3.1. Uczelnia stosuje nast\u0119puj\u0105ce wzory dokument\u00f3w udzia\u0142u w Zadaniu:\n<ol>\n<li>3.1.1. Porozumienie w sprawie udzia\u0142u w Zadaniu;<\/li>\n<li>3.1.2. O\u015bwiadczenie o zapoznaniu si\u0119 z informacjami dotycz\u0105cymi przetwarzania danych osobowych dla cel\u00f3w udzia\u0142u w zadaniu p.n.: Organizacja i realizacja \u201eProjektu innowacyjno-wdro\u017ceniowego w zakresie oceny funkcjonalnej\u201d polegaj\u0105cym na badaniu i opracowaniu modelowych rozwi\u0105za\u0144 na rzecz \u015bwiadczonego lokalnie mi\u0119dzysektorowego wsparcia dla dzieci, uczni\u00f3w i rodzin na podstawie metodyki oceny funkcjonalnej z wykorzystaniem Mi\u0119dzynarodowej Klasyfikacji Funkcjonowania Niepe\u0142nosprawno\u015bci i Zdrowia \u2013 ICF\u201d\u201d w ramach umowy zawartej przez Uczelni\u0119 ze Skarbem Pa\u0144stwa-Ministrem Edukacji i Nauki nr MEiN\/2022\/DWEW\/1070 (zwanego dalej Zadaniem);<\/li>\n<li>3.1.3. Deklaracja uczestnictwa w Zadaniu;<\/li>\n<li>3.1.4. Zgoda na wykorzystanie wizerunku s\u0105 dost\u0119pne celem pobrania na stronie https:\/\/mwm.us.edu.pl\/, kt\u00f3re nale\u017cy wype\u0142nione i podpisane przez osoby upowa\u017cnione przez powiat przes\u0142a\u0107 na adres Uczelni w ci\u0105gu 14 dni od otrzymania elektronicznego powiadomienia ze strony Uczelni o zakwalifikowaniu do udzia\u0142u w Zadaniu.<\/li>\n<\/ol>\n<\/li>\n<li>3.2. Warunkiem uczestnictwa w zadaniu zleconym jest:\n<ol>\n<li>a) rejestracja zg\u0142oszenia \u2013 wype\u0142nienie elektronicznie formularza karty zg\u0142oszenia przez stron\u0119 https:\/\/mwm.us.edu.pl\/ w terminie do 30.06.2022 r.;<\/li>\n<li>b) zapoznanie si\u0119 z niniejszym Regulaminem oraz akceptacja jego postanowie\u0144, przez zaznaczenie odpowiednich p\u00f3l w formularzu rejestracyjnym w formie elektronicznej;<\/li>\n<li>c) zapoznanie si\u0119 z zakresem danych niezb\u0119dnych do przetwarzania danych osobowych oraz jego akceptacja, przez zaznaczenie odpowiednich p\u00f3l w formularzu rejestracyjnym w formie elektronicznej;<\/li>\n<li>d) decyzja o pozytywnej kwalifikacji;<\/li>\n<li>e) zawarcie porozumienia, o kt\u00f3rym mowa w ust. 3.4. pomi\u0119dzy Powiatem-Uczestnikiem Zadania a Uczelni\u0105;<\/li>\n<li>f) po podpisaniu porozumienia, podpisanie przez Koordynatora WM deklaracji uczestnictwa w zadaniu (za\u0142\u0105cznik nr 4 do Regulaminu) oraz zgody na wykorzystanie wizerunku (za\u0142\u0105cznik nr 3 do Regulaminu).<\/li>\n<\/ol>\n<\/li>\n<li>3.3. Z\u0142o\u017cenie dokument\u00f3w, o kt\u00f3rych mowa w ust. 3.2. punkty e), f), jest r\u00f3wnoznaczne z potwierdzeniem zamiaru udzia\u0142u w projekcie i wyra\u017ceniem zgody na przetwarzanie danych osobowych koniecznych do realizacji cel\u00f3w Zadania zgodnie z Rozporz\u0105dzeniem Parlamentu Europejskiego i Rady (UE) 2016\/679 z dnia 27 kwietnia 2016 r. w sprawie ochrony os\u00f3b fizycznych w zwi\u0105zku z przetwarzaniem danych osobowych i w sprawie swobodnego przep\u0142ywu takich danych oraz uchylenia dyrektywy 95\/46\/WE (og\u00f3lne rozporz\u0105dzenie o ochronie danych).<\/li>\n<li>3.4. Niezb\u0119dnym warunkiem udzia\u0142u w zadaniu zleconym, ko\u0144cz\u0105cym proces rekrutacji, jest podpisanie Porozumienia mi\u0119dzy Uczestnikiem Zadania a Uczelni\u0105. Wz\u00f3r porozumienia znajduje si\u0119 w za\u0142\u0105czniku nr 1 do niniejszego Regulaminu i stanowi jego integraln\u0105 cz\u0119\u015b\u0107.<\/li>\n<li>3.5. Uczestnik Zadania zobowi\u0105zany jest do udzia\u0142u w badaniach ankietowych dla potrzeb ewaluacji i sprawozdawczo\u015bci, prowadzonych przez realizatora Zadania \u2013 Uczelni\u0119, jak i inne podmioty upowa\u017cnione w tym zakresie oraz do wype\u0142niania innych dokument\u00f3w niezb\u0119dnych do prawid\u0142owej realizacji zadania.<\/li>\n<\/ol>\n<\/li>\n<li>4. Zakres wsparcia\n<ol>\n<li>4.1. Wsparcie Uczelni w ramach realizacji Zadania obejmuje:\n<ol>\n<li>a) szkolenia dla Koordynator\u00f3w WM i przedstawicieli IK dotycz\u0105ce wdra\u017cania i realizacji standard\u00f3w w zakresie organizacji wczesnego wspomagania rozwoju dziecka, wsparcia ucznia i wspierania rodzin,<\/li>\n<li>b) szkolenia na temat oceny funkcjonalnej z uwzgl\u0119dnieniem klasyfikacji ICF;<\/li>\n<li>c) szkolenia dla Koordynator\u00f3w ds. bada\u0144 dzieci dotycz\u0105ce opracowania i realizacji indywidualnego planu wczesnego wspomagania rozwoju dziecka i wsparcia rodziny (IPWWR),<\/li>\n<li>d) dost\u0119p do projekt\u00f3w dokumentacji dziecka i rodziny (celem weryfikacji na etapie praktycznego realizowania wczesnego wspomagania rozwoju dziecka i wsparcia rodziny), w tym: profilu funkcjonalnego dziecka z wykorzystaniem ICF; ekomapy; indywidualnego planu wczesnego wspomagania rozwoju dziecka i wsparcia rodziny, uwzgl\u0119dniaj\u0105cego ocen\u0119 post\u0119p\u00f3w oraz trudno\u015bci w funkcjonowaniu dziecka\/rodziny jako podstawy do modyfikowania udzielanego wsparcia,<\/li>\n<li>e) szkolenia dla Koordynator\u00f3w ds. bada\u0144 uczni\u00f3w oraz nauczycieli badaj\u0105cych uczni\u00f3w bateri\u0105 test\u00f3w zawieraj\u0105c\u0105 szkoln\u0105 ocen\u0119 funkcjonaln\u0105, dotycz\u0105ce r\u00f3wnie\u017c opracowania indywidualnego planu wspierania ucznia i rodziny (IPWUR),<\/li>\n<li>f) dost\u0119p do projekt\u00f3w dokumentacji ucznia oraz jego rodziny i \u015brodowiska pozaszkolnego, w tym profilu funkcjonalnego ucznia z wykorzystaniem ICF i modelowego planu wsparcia,<\/li>\n<li>g) wsparcie i doradztwo na ka\u017cdym etapie weryfikacji Standard\u00f3w WWR oraz wsparcia ucznia.<\/li>\n<\/ol>\n<\/li>\n<\/ol>\n<\/li>\n<li>5. Prawa i obowi\u0105zki Uczestnik\u00f3w Zadania \u2013 Powiat\u00f3w\n<ol>\n<li>5.1. Uczestnik Zadania ma prawo do:\n<ol>\n<li>a) udzia\u0142u w projekcie zgodnie z postanowieniami niniejszego Regulaminu,<\/li>\n<li>b) oceny realizowanych form wsparcia i os\u00f3b prowadz\u0105cych wsparcie,<\/li>\n<li>c) prawo Powiatu do otrzymania \u015brodk\u00f3w od Uczelni na realizacj\u0119 zada\u0144 zgodnie z zapisami Porozumienia, na warunkach okre\u015blonych przez Uczelni\u0119.<\/li>\n<\/ol>\n<\/li>\n<li>5.2. Uczestnik Zadania jest zobowi\u0105zany do:\n<ol>\n<li>a) przestrzegania zasad niniejszego Regulaminu,<\/li>\n<li>b) do udzia\u0142u w szkoleniach organizowanych przez Uczelni\u0119 w wyznaczonych terminach, godzinach i miejscu, os\u00f3b wskazanych przez powiat,<\/li>\n<li>c) okre\u015blenia mapy zasob\u00f3w \u015brodowiska nauczania i wychowania (rodziny, grupy r\u00f3wie\u015bniczej, \u017c\u0142obka, przedszkola, szko\u0142y), instytucji ochrony zdrowia i pomocy spo\u0142ecznej, z kt\u00f3rych korzysta dziecko, ucze\u0144 i rodzina w procesie rozpoznania potrzeb, planowania i udzielania wsparcia zar\u00f3wno dziecku, uczniowi, jak i rodzinie, wed\u0142ug wprowadzanego modelu wsparcia mi\u0119dzysektorowego (dalej: MWM),<\/li>\n<li>d) opracowania studi\u00f3w dziecka, ucznia i rodziny zgodnie z za\u0142o\u017ceniami MWM,<\/li>\n<li>e) zebrania, na podstawie opracowanych przez Uczelni\u0119 formularzy, przyk\u0142ad\u00f3w zgodnej z MWM praktyki oraz informacji o dost\u0119pnych zasobach w zakresie realizacji wczesnego wspomagania rozwoju dzieci, uczni\u00f3w i wsparcia rodziny,<\/li>\n<li>f) weryfikacji jako\u015bci wsparcia udzielanego dziecku i rodzinie, zgodnie z za\u0142o\u017ceniami Standard\u00f3w WWR na podstawie bada\u0144 prowadzonych w Powiecie i studi\u00f3w rodzin, uwzgl\u0119dniaj\u0105cej etapy post\u0119powania wskazane w Regulaminie w pkt. 1.7.3.,<\/li>\n<li>g) weryfikacji jako\u015bci wsparcia udzielanego uczniowi i rodzinie, zgodnie z za\u0142o\u017ceniami Standard\u00f3w wsparcia ucznia na podstawie bada\u0144 prowadzonych w Powiecie i pog\u0142\u0119bionych diagnoz, uwzgl\u0119dniaj\u0105cej etapy post\u0119powania wskazane w Regulaminie w pkt. 1.7.4.,<\/li>\n<li>h) uzupe\u0142niania wymaganej dokumentacji oraz kwestionariuszy ankiet, opracowanych przez Uczelni\u0119 zwi\u0105zanych z realizacj\u0105 Zadania,<\/li>\n<li>i) stosowania si\u0119 do innych ni\u017c wymienione w niniejszych punktach postanowie\u0144 Realizatora Zadania \u2013 Uczelni, wynikaj\u0105cych z realizacji Zadania.<\/li>\n<\/ol>\n<\/li>\n<\/ol>\n<\/li>\n<li>6. Zasady rezygnacji z uczestnictwa w realizacji Zadania\n<ol>\n<li>6.1. Zakwalifikowany do realizacji Zadania Powiat zobligowany jest do podpisania Porozumienia w ci\u0105gu 14 dni od og\u0142oszenia wynik\u00f3w rekrutacji, zgodnie z harmonogramem rekrutacji umieszczonym na stronie https:\/\/mwm.us.edu.pl\/ oraz do dostarczenia podpisanego egzemplarza Porozumienia wraz z deklaracjami i o\u015bwiadczeniami do Uczelni.<\/li>\n<li>6.2. Brak podpisania Porozumienia w terminie okre\u015blonym w pkt. 6.1. uznawany jest za rezygnacj\u0119 z udzia\u0142u w realizacji Zadania.<\/li>\n<li>6.3. Uczestnik, kt\u00f3ry zrezygnowa\u0142 z udzia\u0142u w Zadaniu, nie mo\u017ce ponownie wzi\u0105\u0107 w nim udzia\u0142u.<\/li>\n<\/ol>\n<\/li>\n<li>7. Postanowienia ko\u0144cowe\n<ol>\n<li>7.1. Regulamin obowi\u0105zuje przez okres trwania realizacji Zadania z udzia\u0142em Powiat\u00f3w, tj. do 31.08.2023 r.<\/li>\n<li>7.2. W sprawach nieuregulowanych w Regulaminie maj\u0105 zastosowanie przepisy ustawy Prawo o szkolnictwie wy\u017cszym i nauce, przepisy ustawy po finansach publicznych, kodeksu cywilnego, postanowienia statutu Uczelni Zadania oraz innych przepis\u00f3w wewn\u0119trznych obowi\u0105zuj\u0105cych w Uczelni.<\/li>\n<li>7.3. Ewentualne spory wynik\u0142e na tle niniejszego regulaminu b\u0119d\u0105 rozstrzygane na drodze post\u0119powania s\u0105dowego przez s\u0105d w\u0142a\u015bciwym dla siedziby Uczelni.<\/li>\n<li>7.4. Uczelnia realizuje Zadanie zgodnie z zasadami zawartymi w Umowie o dofinansowanie zawartej w dniu 27.04.2022 r. pomi\u0119dzy Uczelni\u0105 a MEiN, m.in. zgodnie z kt\u00f3rymi z dniem przekazania przez Uczelni\u0119 Ministrowi raportu rocznego albo raportu ko\u0144cowego nast\u0105pi przeniesienie na Ministra autorskich praw maj\u0105tkowych do wszystkich utwor\u00f3w powsta\u0142ych w zwi\u0105zku z realizacj\u0105 Zadania lub udzielenie Ministrowi licencji niewy\u0142\u0105cznej do korzystania ze wspomnianych utwor\u00f3w.<\/li>\n<li>7.5. Uczelnia zastrzega sobie prawo zmiany Regulaminu w sytuacji zmiany wytycznych, warunk\u00f3w realizacji Zadania lub dokument\u00f3w programowych.<\/li>\n<li>7.6. Integraln\u0105 cz\u0119\u015bci\u0105 niniejszego regulaminu s\u0105 za\u0142\u0105czniki:\n<ol>\n<li>a) za\u0142\u0105cznik nr 1 \u2013 Wz\u00f3r Porozumienia w sprawie udzia\u0142u w zadaniu,<\/li>\n<li>b) za\u0142\u0105cznik nr 2 \u2013 Klauzula informacyjna RODO dla przedstawicieli Uczestnika oraz jego pracownik\u00f3w,<\/li>\n<li>c) za\u0142\u0105cznik nr 3 \u2013 Zgoda na wykorzystanie wizerunku,<\/li>\n<li>d) za\u0142\u0105cznik nr 4 \u2013 O\u015bwiadczenie Uczestnika Zadania.<\/li>\n<\/ol>\n<\/li>\n<\/ol>\n<\/li>\n<\/ul>","protected":false},"excerpt":{"rendered":"<p>organizacji i udzia\u0142u w \u201eProjekcie innowacyjno-wdro\u017ceniowym w zakresie oceny funkcjonalnej\u201d polegaj\u0105cym na badaniu i opracowaniu modelowych rozwi\u0105za\u0144 na rzecz \u015bwiadczonego lokalnie mi\u0119dzysektorowego [&hellip;]<\/p>\n","protected":false},"author":1,"featured_media":0,"parent":0,"menu_order":0,"comment_status":"closed","ping_status":"closed","template":"","meta":{"footnotes":""},"class_list":["post-375","page","type-page","status-publish","hentry"],"_links":{"self":[{"href":"https:\/\/mwm.us.edu.pl\/index.php\/wp-json\/wp\/v2\/pages\/375","targetHints":{"allow":["GET"]}}],"collection":[{"href":"https:\/\/mwm.us.edu.pl\/index.php\/wp-json\/wp\/v2\/pages"}],"about":[{"href":"https:\/\/mwm.us.edu.pl\/index.php\/wp-json\/wp\/v2\/types\/page"}],"author":[{"embeddable":true,"href":"https:\/\/mwm.us.edu.pl\/index.php\/wp-json\/wp\/v2\/users\/1"}],"replies":[{"embeddable":true,"href":"https:\/\/mwm.us.edu.pl\/index.php\/wp-json\/wp\/v2\/comments?post=375"}],"version-history":[{"count":5,"href":"https:\/\/mwm.us.edu.pl\/index.php\/wp-json\/wp\/v2\/pages\/375\/revisions"}],"predecessor-version":[{"id":389,"href":"https:\/\/mwm.us.edu.pl\/index.php\/wp-json\/wp\/v2\/pages\/375\/revisions\/389"}],"wp:attachment":[{"href":"https:\/\/mwm.us.edu.pl\/index.php\/wp-json\/wp\/v2\/media?parent=375"}],"curies":[{"name":"wp","href":"https:\/\/api.w.org\/{rel}","templated":true}]}}