{"id":1890,"date":"2024-04-18T08:45:30","date_gmt":"2024-04-18T08:45:30","guid":{"rendered":"https:\/\/mwm.us.edu.pl\/?page_id=1890"},"modified":"2024-04-18T08:45:31","modified_gmt":"2024-04-18T08:45:31","slug":"relacje-prasowe","status":"publish","type":"page","link":"https:\/\/mwm.us.edu.pl\/index.php\/relacje-prasowe\/","title":{"rendered":"Relacje prasowe"},"content":{"rendered":"\n<p><a href=\"https:\/\/dziennikzachodni.pl\/podsumowanie-projektu-modelu-wsparcia-miedzysektorowego-usprawniajacego-rozwiazywanie-problemow-dzieci-i-mlodziezy\/ar\/c1-18462707\">Podsumowanie projektu Modelu Wsparcia Mi\u0119dzysektorowego, usprawniaj\u0105cego rozwi\u0105zywanie problem\u00f3w dzieci i m\u0142odzie\u017cy<\/a><\/p>\n\n\n\n<p><a href=\"https:\/\/www.prawo.pl\/oswiata\/wsparcie-psychologiczne-inwestycja-men,526489.html\">MEN zainwestuje w lepsze wsparcie psychologiczne<\/a><\/p>\n\n\n\n<p><a href=\"http:\/\/radio.opole.pl\/104,811832,katowice-men-opracowuje-rozwiazania-ktore-zapewn\">Katowice\/ MEN opracowuje rozwi\u0105zania, kt\u00f3re zapewni\u0105 dzieciom lepsze wsparcie psychologiczne<\/a><\/p>\n\n\n\n<p><a href=\"https:\/\/www.wnp.pl\/parlamentarny\/wydarzenia\/katowice-men-opracowuje-rozwiazania-ktore-zapewnia-dzieciom-lepsze-wsparcie-psychologiczne,825188.html\">Katowice: MEN opracowuje rozwi\u0105zania, kt\u00f3re zapewni\u0105 dzieciom lepsze wsparcie psychologiczne<\/a><\/p>\n\n\n\n<p><a href=\"https:\/\/katowice.twoje-miasto.pl\/art-zdrowie\/men-opracowuje-rozwiazania-ktore-zapewnia-i422198\">MEN opracowuje rozwi\u0105zania, kt\u00f3re zapewni\u0105 dzieciom lepsze wsparcie psychologiczne<\/a><\/p>\n\n\n\n<p><a href=\"https:\/\/katowice.wyborcza.pl\/katowice\/7,35063,30888313,naukowcy-z-us-przebadali-22-tys-dzieci-teraz-men-opracuje.html\">Naukowcy z U\u015a przebadali 22 tys. dzieci. Teraz MEN opracuje program wsparcia psychologicznego dla uczni\u00f3w<\/a><\/p>\n\n\n\n<p><a href=\"https:\/\/wiarygodnaszkola.pl\/ministerstwo-edukacji-narodowej-planuje-zmiany-w-systemie-wsparcia-psychologiczno-pedagogicznego-dla-dzieci\/\">Ministerstwo Edukacji Narodowej planuje zmiany w systemie wsparcia psychologiczno-pedagogicznego dla dzieci<\/a><\/p>\n\n\n\n<p><a href=\"https:\/\/uodo.gov.pl\/pl\/138\/3062\">Jak skoordynowa\u0107 dzia\u0142ania jednostek, by efektywnie pomaga\u0107 dzieciom<\/a><\/p>\n\n\n\n<p><\/p>\n","protected":false},"excerpt":{"rendered":"<p>Podsumowanie projektu Modelu Wsparcia Mi\u0119dzysektorowego, usprawniaj\u0105cego rozwi\u0105zywanie problem\u00f3w dzieci i m\u0142odzie\u017cy MEN zainwestuje w lepsze wsparcie psychologiczne Katowice\/ MEN opracowuje rozwi\u0105zania, kt\u00f3re [&hellip;]<\/p>\n","protected":false},"author":1,"featured_media":0,"parent":0,"menu_order":0,"comment_status":"closed","ping_status":"closed","template":"","meta":{"footnotes":""},"class_list":["post-1890","page","type-page","status-publish","hentry"],"_links":{"self":[{"href":"https:\/\/mwm.us.edu.pl\/index.php\/wp-json\/wp\/v2\/pages\/1890","targetHints":{"allow":["GET"]}}],"collection":[{"href":"https:\/\/mwm.us.edu.pl\/index.php\/wp-json\/wp\/v2\/pages"}],"about":[{"href":"https:\/\/mwm.us.edu.pl\/index.php\/wp-json\/wp\/v2\/types\/page"}],"author":[{"embeddable":true,"href":"https:\/\/mwm.us.edu.pl\/index.php\/wp-json\/wp\/v2\/users\/1"}],"replies":[{"embeddable":true,"href":"https:\/\/mwm.us.edu.pl\/index.php\/wp-json\/wp\/v2\/comments?post=1890"}],"version-history":[{"count":1,"href":"https:\/\/mwm.us.edu.pl\/index.php\/wp-json\/wp\/v2\/pages\/1890\/revisions"}],"predecessor-version":[{"id":1891,"href":"https:\/\/mwm.us.edu.pl\/index.php\/wp-json\/wp\/v2\/pages\/1890\/revisions\/1891"}],"wp:attachment":[{"href":"https:\/\/mwm.us.edu.pl\/index.php\/wp-json\/wp\/v2\/media?parent=1890"}],"curies":[{"name":"wp","href":"https:\/\/api.w.org\/{rel}","templated":true}]}}