{"id":1696,"date":"2023-11-08T17:36:49","date_gmt":"2023-11-08T17:36:49","guid":{"rendered":"https:\/\/mwm.us.edu.pl\/?page_id=1696"},"modified":"2023-11-08T17:36:49","modified_gmt":"2023-11-08T17:36:49","slug":"wojewodztwo-dolnoslaskie","status":"publish","type":"page","link":"https:\/\/mwm.us.edu.pl\/index.php\/wojewodztwo-dolnoslaskie\/","title":{"rendered":"Wojew\u00f3dztwo dolno\u015bl\u0105skie"},"content":{"rendered":"\n<p>Konferencja regionalna &#8211; 14 listopada 2023 r.<\/p>\n\n\n\n<div data-wp-interactive=\"core\/file\" class=\"wp-block-file\"><object data-wp-bind--hidden=\"!state.hasPdfPreview\" hidden class=\"wp-block-file__embed\" data=\"https:\/\/mwm.us.edu.pl\/wp-content\/uploads\/2023\/11\/Zaproszenie-konferencja-Boleslawiec.pdf\" type=\"application\/pdf\" style=\"width:100%;height:600px\" aria-label=\"Osadzone z Zaproszenie - Boleslawiec.\"><\/object><a id=\"wp-block-file--media-886844af-fdbe-4d56-81c8-f15064995258\" href=\"https:\/\/mwm.us.edu.pl\/wp-content\/uploads\/2023\/11\/Zaproszenie-konferencja-Boleslawiec.pdf\">Zaproszenie &#8211; Boleslawiec<\/a><a href=\"https:\/\/mwm.us.edu.pl\/wp-content\/uploads\/2023\/11\/Zaproszenie-konferencja-Boleslawiec.pdf\" class=\"wp-block-file__button wp-element-button\" download aria-describedby=\"wp-block-file--media-886844af-fdbe-4d56-81c8-f15064995258\">Pobierz<\/a><\/div>\n","protected":false},"excerpt":{"rendered":"<p>Konferencja regionalna &#8211; 14 listopada 2023 r.<\/p>\n","protected":false},"author":1,"featured_media":0,"parent":0,"menu_order":0,"comment_status":"closed","ping_status":"closed","template":"","meta":{"footnotes":""},"class_list":["post-1696","page","type-page","status-publish","hentry"],"_links":{"self":[{"href":"https:\/\/mwm.us.edu.pl\/index.php\/wp-json\/wp\/v2\/pages\/1696","targetHints":{"allow":["GET"]}}],"collection":[{"href":"https:\/\/mwm.us.edu.pl\/index.php\/wp-json\/wp\/v2\/pages"}],"about":[{"href":"https:\/\/mwm.us.edu.pl\/index.php\/wp-json\/wp\/v2\/types\/page"}],"author":[{"embeddable":true,"href":"https:\/\/mwm.us.edu.pl\/index.php\/wp-json\/wp\/v2\/users\/1"}],"replies":[{"embeddable":true,"href":"https:\/\/mwm.us.edu.pl\/index.php\/wp-json\/wp\/v2\/comments?post=1696"}],"version-history":[{"count":1,"href":"https:\/\/mwm.us.edu.pl\/index.php\/wp-json\/wp\/v2\/pages\/1696\/revisions"}],"predecessor-version":[{"id":1698,"href":"https:\/\/mwm.us.edu.pl\/index.php\/wp-json\/wp\/v2\/pages\/1696\/revisions\/1698"}],"wp:attachment":[{"href":"https:\/\/mwm.us.edu.pl\/index.php\/wp-json\/wp\/v2\/media?parent=1696"}],"curies":[{"name":"wp","href":"https:\/\/api.w.org\/{rel}","templated":true}]}}