{"id":1620,"date":"2023-10-13T13:33:08","date_gmt":"2023-10-13T13:33:08","guid":{"rendered":"https:\/\/mwm.us.edu.pl\/?page_id=1620"},"modified":"2023-11-08T17:16:58","modified_gmt":"2023-11-08T17:16:58","slug":"woj-slaskiego","status":"publish","type":"page","link":"https:\/\/mwm.us.edu.pl\/index.php\/woj-slaskiego\/","title":{"rendered":"Wojew\u00f3dztwo \u015bl\u0105skie"},"content":{"rendered":"\n<p>Konferencja w powiecie \u017cywieckim &#8211; 15 listopada 2023 r.<\/p>\n\n\n\n<div data-wp-interactive=\"core\/file\" class=\"wp-block-file\"><object data-wp-bind--hidden=\"!state.hasPdfPreview\" hidden class=\"wp-block-file__embed\" data=\"https:\/\/mwm.us.edu.pl\/wp-content\/uploads\/2023\/11\/Zaproszenie-pow_zywiecki.pdf\" type=\"application\/pdf\" style=\"width:100%;height:600px\" aria-label=\"Osadzone z Zaproszenie -powiat \u017cywiecki.\"><\/object><a id=\"wp-block-file--media-b49ed261-33c7-4cee-8351-76c6aaf8ea7c\" href=\"https:\/\/mwm.us.edu.pl\/wp-content\/uploads\/2023\/11\/Zaproszenie-pow_zywiecki.pdf\">Zaproszenie -powiat \u017cywiecki<\/a><a href=\"https:\/\/mwm.us.edu.pl\/wp-content\/uploads\/2023\/11\/Zaproszenie-pow_zywiecki.pdf\" class=\"wp-block-file__button wp-element-button\" download aria-describedby=\"wp-block-file--media-b49ed261-33c7-4cee-8351-76c6aaf8ea7c\">Pobierz<\/a><\/div>\n\n\n\n<hr class=\"wp-block-separator has-alpha-channel-opacity\"\/>\n\n\n\n<p>Konferencja &#8211; 27 pa\u017adziernika 2023 r.<\/p>\n\n\n\n<figure class=\"wp-block-image size-large\"><img loading=\"lazy\" decoding=\"async\" width=\"1024\" height=\"1024\" src=\"https:\/\/mwm.us.edu.pl\/wp-content\/uploads\/2023\/10\/I_konf_woj_slaskiego_plakat-1024x1024.jpg\" alt=\"\" class=\"wp-image-1621\" srcset=\"https:\/\/mwm.us.edu.pl\/wp-content\/uploads\/2023\/10\/I_konf_woj_slaskiego_plakat-1024x1024.jpg 1024w, https:\/\/mwm.us.edu.pl\/wp-content\/uploads\/2023\/10\/I_konf_woj_slaskiego_plakat-300x300.jpg 300w, https:\/\/mwm.us.edu.pl\/wp-content\/uploads\/2023\/10\/I_konf_woj_slaskiego_plakat-150x150.jpg 150w, https:\/\/mwm.us.edu.pl\/wp-content\/uploads\/2023\/10\/I_konf_woj_slaskiego_plakat-768x768.jpg 768w, https:\/\/mwm.us.edu.pl\/wp-content\/uploads\/2023\/10\/I_konf_woj_slaskiego_plakat-920x920.jpg 920w, https:\/\/mwm.us.edu.pl\/wp-content\/uploads\/2023\/10\/I_konf_woj_slaskiego_plakat-230x230.jpg 230w, https:\/\/mwm.us.edu.pl\/wp-content\/uploads\/2023\/10\/I_konf_woj_slaskiego_plakat-350x350.jpg 350w, https:\/\/mwm.us.edu.pl\/wp-content\/uploads\/2023\/10\/I_konf_woj_slaskiego_plakat-480x480.jpg 480w, https:\/\/mwm.us.edu.pl\/wp-content\/uploads\/2023\/10\/I_konf_woj_slaskiego_plakat.jpg 1080w\" sizes=\"auto, (max-width: 1024px) 100vw, 1024px\" \/><\/figure>\n","protected":false},"excerpt":{"rendered":"<p>Konferencja w powiecie \u017cywieckim &#8211; 15 listopada 2023 r. Konferencja &#8211; 27 pa\u017adziernika 2023 r.<\/p>\n","protected":false},"author":1,"featured_media":0,"parent":0,"menu_order":0,"comment_status":"closed","ping_status":"closed","template":"","meta":{"footnotes":""},"class_list":["post-1620","page","type-page","status-publish","hentry"],"_links":{"self":[{"href":"https:\/\/mwm.us.edu.pl\/index.php\/wp-json\/wp\/v2\/pages\/1620","targetHints":{"allow":["GET"]}}],"collection":[{"href":"https:\/\/mwm.us.edu.pl\/index.php\/wp-json\/wp\/v2\/pages"}],"about":[{"href":"https:\/\/mwm.us.edu.pl\/index.php\/wp-json\/wp\/v2\/types\/page"}],"author":[{"embeddable":true,"href":"https:\/\/mwm.us.edu.pl\/index.php\/wp-json\/wp\/v2\/users\/1"}],"replies":[{"embeddable":true,"href":"https:\/\/mwm.us.edu.pl\/index.php\/wp-json\/wp\/v2\/comments?post=1620"}],"version-history":[{"count":10,"href":"https:\/\/mwm.us.edu.pl\/index.php\/wp-json\/wp\/v2\/pages\/1620\/revisions"}],"predecessor-version":[{"id":1691,"href":"https:\/\/mwm.us.edu.pl\/index.php\/wp-json\/wp\/v2\/pages\/1620\/revisions\/1691"}],"wp:attachment":[{"href":"https:\/\/mwm.us.edu.pl\/index.php\/wp-json\/wp\/v2\/media?parent=1620"}],"curies":[{"name":"wp","href":"https:\/\/api.w.org\/{rel}","templated":true}]}}